{"id":1776,"date":"2020-06-03T16:54:11","date_gmt":"2020-06-03T22:54:11","guid":{"rendered":"https:\/\/www.aerobots.gt\/?page_id=1776"},"modified":"2022-10-12T10:40:44","modified_gmt":"2022-10-12T16:40:44","slug":"soluciones","status":"publish","type":"page","link":"https:\/\/www.aerobots.gt\/en\/home\/soluciones\/","title":{"rendered":"Solutions"},"content":{"rendered":"<div data-colibri-id=\"1776-c1\" class=\"style-479 style-local-1776-c1 position-relative\">\n  <!---->\n  <div data-colibri-component=\"section\" data-colibri-id=\"1776-c2\" id=\"portfolio\" class=\"h-section h-section-global-spacing d-flex align-items-lg-center align-items-md-center align-items-center style-484 style-local-1776-c2 position-relative\">\n    <!---->\n    <!---->\n    <div class=\"h-section-grid-container h-section-boxed-container\">\n      <div data-colibri-id=\"1776-c24\" class=\"h-row-container gutters-row-lg-2 gutters-row-md-2 gutters-row-0 gutters-row-v-lg-2 gutters-row-v-md-2 gutters-row-v-2 style-490 style-local-1776-c24 position-relative\">\n        <!---->\n        <div class=\"h-row justify-content-lg-center justify-content-md-center justify-content-center align-items-lg-stretch align-items-md-stretch align-items-stretch gutters-col-lg-2 gutters-col-md-2 gutters-col-0 gutters-col-v-lg-2 gutters-col-v-md-2 gutters-col-v-2\">\n          <!---->\n          <div class=\"h-column h-column-container d-flex h-col-lg-auto h-col-md-auto h-col-auto style-491-outer style-local-1776-c25-outer\">\n            <div data-colibri-id=\"1776-c25\" class=\"d-flex h-flex-basis h-column__inner h-px-lg-2 h-px-md-2 h-px-2 v-inner-lg-2 v-inner-md-2 v-inner-2 style-491 style-local-1776-c25 position-relative\">\n              <!---->\n              <!---->\n              <div class=\"w-100 h-y-container h-column__content h-column__v-align flex-basis-100 align-self-lg-start align-self-md-start align-self-start\">\n                <!---->\n                <div data-colibri-id=\"1776-c26\" class=\"h-lead h-text h-text-component style-493 style-local-1776-c26 position-relative h-element\">\n                  <!---->\n                  <!---->\n                  <div class=\"\">\n                    <p>Desarrollamos e integramos tecnolog\u00eda en las siguientes l\u00edneas de soluciones. Un valor muy importante en lo que hacemos es que contamos con control de completo de la soluci\u00f3n, ya que desarrollamos la mayor\u00eda de nuestra tecnolog\u00eda teniendo\n                      control sobre ella.&nbsp;&nbsp;<\/p>\n                  <\/div>\n                <\/div>\n              <\/div>\n            <\/div>\n          <\/div>\n        <\/div>\n      <\/div>\n      <div data-colibri-id=\"1776-c3\" class=\"h-row-container gutters-row-lg-2 gutters-row-md-2 gutters-row-2 gutters-row-v-lg-2 gutters-row-v-md-2 gutters-row-v-2 style-485 style-local-1776-c3 position-relative\">\n        <!---->\n        <div class=\"h-row justify-content-lg-center justify-content-md-center justify-content-center align-items-lg-stretch align-items-md-stretch align-items-stretch gutters-col-lg-2 gutters-col-md-2 gutters-col-2 gutters-col-v-lg-2 gutters-col-v-md-2 gutters-col-v-2\">\n          <!---->\n          <div class=\"h-column h-column-container d-flex h-col-lg-4 h-col-md-6 h-col-12 style-486-outer style-local-1776-c4-outer\">\n            <div data-colibri-id=\"1776-c4\" class=\"d-flex h-flex-basis h-column__inner h-px-lg-0 h-px-md-0 h-px-0 v-inner-lg-0 v-inner-md-0 v-inner-0 style-486 style-local-1776-c4 position-relative\">\n              <!---->\n              <!---->\n              <div class=\"w-100 h-y-container h-column__content h-column__v-align flex-basis-100 align-self-lg-start align-self-md-start align-self-start\">\n                <!---->\n                <div data-colibri-id=\"1776-c5\" class=\"d-block style-487 style-local-1776-c5 position-relative h-element\">\n                  <!---->\n                  <div class=\"h-image__frame-container-outer\">\n                    <div class=\"h-image__frame-container\">\n                      <!---->\n                      <!---->\n                      <img decoding=\"async\" width=\"1920\" height=\"1920\" data-src=\"https:\/\/www.aerobots.gt\/wp-content\/uploads\/2020\/06\/cropped-20200217_175913-scaled-1.jpg\" class=\"wp-image-2427 style-487-image style-local-1776-c5-image lazyload\" alt=\"\" data-srcset=\"https:\/\/www.aerobots.gt\/wp-content\/uploads\/2020\/06\/cropped-20200217_175913-scaled-1.jpg 1920w, https:\/\/www.aerobots.gt\/wp-content\/uploads\/2020\/06\/cropped-20200217_175913-scaled-1-300x300.jpg 300w, https:\/\/www.aerobots.gt\/wp-content\/uploads\/2020\/06\/cropped-20200217_175913-scaled-1-1024x1024.jpg 1024w, https:\/\/www.aerobots.gt\/wp-content\/uploads\/2020\/06\/cropped-20200217_175913-scaled-1-150x150.jpg 150w, https:\/\/www.aerobots.gt\/wp-content\/uploads\/2020\/06\/cropped-20200217_175913-scaled-1-768x768.jpg 768w, https:\/\/www.aerobots.gt\/wp-content\/uploads\/2020\/06\/cropped-20200217_175913-scaled-1-1536x1536.jpg 1536w\" data-sizes=\"(max-width: 1920px) 100vw, 1920px\" src=\"data:image\/svg+xml;base64,PHN2ZyB3aWR0aD0iMSIgaGVpZ2h0PSIxIiB4bWxucz0iaHR0cDovL3d3dy53My5vcmcvMjAwMC9zdmciPjwvc3ZnPg==\" style=\"--smush-placeholder-width: 1920px; --smush-placeholder-aspect-ratio: 1920\/1920;\" \/>\n                      <div class=\"h-image__frame h-hide-lg h-hide-md h-hide-sm style-487-frameImage style-local-1776-c5-frameImage\"><\/div>\n                    <\/div>\n                  <\/div>\n                <\/div>\n                <div data-colibri-id=\"1776-c6\" class=\"h-x-container style-488 style-local-1776-c6 position-relative h-element\">\n                  <!---->\n                  <div class=\"h-x-container-inner style-dynamic-1776-c6-group style-488-spacing style-local-1776-c6-spacing\"><span class=\"h-button__outer style-489-outer style-local-1776-c7-outer d-inline-flex h-element\"><a h-use-smooth-scroll=\"true\" href=\"https:\/\/www.aerobots.gt\/en\/home\/soluciones\/automatizacion-de-irrigacion\/\"  data-colibri-id=\"1776-c7\" class=\"d-flex w-100 align-items-center h-button justify-content-lg-center justify-content-md-center justify-content-center style-489 style-local-1776-c7 position-relative\"><!----><!----> <span>Irrigation systems automation<\/span><\/a>\n                    <\/span>\n                  <\/div>\n                <\/div>\n              <\/div>\n            <\/div>\n          <\/div>\n          <div class=\"h-column h-column-container d-flex h-col-lg-4 h-col-md-6 h-col-12 style-486-outer style-local-1776-c8-outer\">\n            <div data-colibri-id=\"1776-c8\" class=\"d-flex h-flex-basis h-column__inner h-px-lg-0 h-px-md-0 h-px-0 v-inner-lg-0 v-inner-md-0 v-inner-0 style-486 style-local-1776-c8 position-relative\">\n              <!---->\n              <!---->\n              <div class=\"w-100 h-y-container h-column__content h-column__v-align flex-basis-100 align-self-lg-start align-self-md-start align-self-start\">\n                <!---->\n                <div data-colibri-id=\"1776-c9\" class=\"d-block style-487 style-local-1776-c9 position-relative h-element\">\n                  <!---->\n                  <div class=\"h-image__frame-container-outer\">\n                    <div class=\"h-image__frame-container\">\n                      <!---->\n                      <!---->\n                      <img decoding=\"async\" width=\"938\" height=\"938\" data-src=\"https:\/\/www.aerobots.gt\/wp-content\/uploads\/2020\/06\/cropped-ScreenshotRadar2020.png\" class=\"wp-image-2643 style-487-image style-local-1776-c9-image lazyload\" alt=\"\" data-srcset=\"https:\/\/www.aerobots.gt\/wp-content\/uploads\/2020\/06\/cropped-ScreenshotRadar2020.png 938w, https:\/\/www.aerobots.gt\/wp-content\/uploads\/2020\/06\/cropped-ScreenshotRadar2020-300x300.png 300w, https:\/\/www.aerobots.gt\/wp-content\/uploads\/2020\/06\/cropped-ScreenshotRadar2020-150x150.png 150w, https:\/\/www.aerobots.gt\/wp-content\/uploads\/2020\/06\/cropped-ScreenshotRadar2020-768x768.png 768w, https:\/\/www.aerobots.gt\/wp-content\/uploads\/2020\/06\/cropped-ScreenshotRadar2020-600x600.png 600w, https:\/\/www.aerobots.gt\/wp-content\/uploads\/2020\/06\/cropped-ScreenshotRadar2020-100x100.png 100w\" data-sizes=\"(max-width: 938px) 100vw, 938px\" src=\"data:image\/svg+xml;base64,PHN2ZyB3aWR0aD0iMSIgaGVpZ2h0PSIxIiB4bWxucz0iaHR0cDovL3d3dy53My5vcmcvMjAwMC9zdmciPjwvc3ZnPg==\" style=\"--smush-placeholder-width: 938px; --smush-placeholder-aspect-ratio: 938\/938;\" \/>\n                      <div class=\"h-image__frame h-hide-lg h-hide-md h-hide-sm style-487-frameImage style-local-1776-c9-frameImage\"><\/div>\n                    <\/div>\n                  <\/div>\n                <\/div>\n                <div data-colibri-id=\"1776-c10\" class=\"h-x-container style-488 style-local-1776-c10 position-relative h-element\">\n                  <!---->\n                  <div class=\"h-x-container-inner style-dynamic-1776-c10-group style-488-spacing style-local-1776-c10-spacing\"><span class=\"h-button__outer style-489-outer style-local-1776-c11-outer d-inline-flex h-element\"><a h-use-smooth-scroll=\"true\" href=\"\/en\/deteccion-temprana-de-fuegos\/\"  data-colibri-id=\"1776-c11\" class=\"d-flex w-100 align-items-center h-button justify-content-lg-center justify-content-md-center justify-content-center style-489 style-local-1776-c11 position-relative\"><!----><!----> <span>Early fire detection<\/span><\/a>\n                    <\/span>\n                  <\/div>\n                <\/div>\n              <\/div>\n            <\/div>\n          <\/div>\n          <div class=\"h-column h-column-container d-flex h-col-lg-4 h-col-md-6 h-col-12 style-486-outer style-local-1776-c12-outer\">\n            <div data-colibri-id=\"1776-c12\" class=\"d-flex h-flex-basis h-column__inner h-px-lg-0 h-px-md-0 h-px-0 v-inner-lg-0 v-inner-md-0 v-inner-0 style-486 style-local-1776-c12 position-relative\">\n              <!---->\n              <!---->\n              <div class=\"w-100 h-y-container h-column__content h-column__v-align flex-basis-100 align-self-lg-start align-self-md-start align-self-start\">\n                <!---->\n                <div data-colibri-id=\"1776-c13\" class=\"d-block style-487 style-local-1776-c13 position-relative h-element\">\n                  <!---->\n                  <div class=\"h-image__frame-container-outer\">\n                    <div class=\"h-image__frame-container\">\n                      <!---->\n                      <!---->\n                      <img decoding=\"async\" width=\"432\" height=\"432\" data-src=\"http:\/\/9kb.c04.myftpupload.com\/wp-content\/uploads\/2020\/06\/cropped-xagdrone-1.jpg\" class=\"wp-image-1522 style-487-image style-local-1776-c13-image lazyload\" alt=\"\" data-srcset=\"https:\/\/www.aerobots.gt\/wp-content\/uploads\/2020\/06\/cropped-xagdrone-1.jpg 432w, https:\/\/www.aerobots.gt\/wp-content\/uploads\/2020\/06\/cropped-xagdrone-1-300x300.jpg 300w, https:\/\/www.aerobots.gt\/wp-content\/uploads\/2020\/06\/cropped-xagdrone-1-150x150.jpg 150w\" data-sizes=\"(max-width: 432px) 100vw, 432px\" src=\"data:image\/svg+xml;base64,PHN2ZyB3aWR0aD0iMSIgaGVpZ2h0PSIxIiB4bWxucz0iaHR0cDovL3d3dy53My5vcmcvMjAwMC9zdmciPjwvc3ZnPg==\" style=\"--smush-placeholder-width: 432px; --smush-placeholder-aspect-ratio: 432\/432;\" \/>\n                      <div class=\"h-image__frame h-hide-lg h-hide-md h-hide-sm style-487-frameImage style-local-1776-c13-frameImage\"><\/div>\n                    <\/div>\n                  <\/div>\n                <\/div>\n                <div data-colibri-id=\"1776-c14\" class=\"h-x-container style-488 style-local-1776-c14 position-relative h-element\">\n                  <!---->\n                  <div class=\"h-x-container-inner style-dynamic-1776-c14-group style-488-spacing style-local-1776-c14-spacing\"><span class=\"h-button__outer style-489-outer style-local-1776-c15-outer d-inline-flex h-element\"><a h-use-smooth-scroll=\"true\" href=\"\/en\/fumigacion-con-drones\/\"  data-colibri-id=\"1776-c15\" class=\"d-flex w-100 align-items-center h-button justify-content-lg-center justify-content-md-center justify-content-center style-489 style-local-1776-c15 position-relative\"><!----><!----> <span>Aplicaciones a\u00e9reas con drones<\/span><\/a>\n                    <\/span>\n                  <\/div>\n                <\/div>\n              <\/div>\n            <\/div>\n          <\/div>\n          <div class=\"h-column h-column-container d-flex h-col-lg-4 h-col-md-6 h-col-12 style-486-outer style-local-1776-c16-outer\">\n            <div data-colibri-id=\"1776-c16\" class=\"d-flex h-flex-basis h-column__inner h-px-lg-0 h-px-md-0 h-px-0 v-inner-lg-0 v-inner-md-0 v-inner-0 style-486 style-local-1776-c16 position-relative\">\n              <!---->\n              <!---->\n              <div class=\"w-100 h-y-container h-column__content h-column__v-align flex-basis-100 align-self-lg-start align-self-md-start align-self-start\">\n                <!---->\n                <div data-colibri-id=\"1776-c17\" class=\"d-block style-487 style-local-1776-c17 position-relative h-element\">\n                  <!---->\n                  <div class=\"h-image__frame-container-outer\">\n                    <div class=\"h-image__frame-container\">\n                      <!---->\n                      <!---->\n                      <img decoding=\"async\" width=\"481\" height=\"481\" data-src=\"http:\/\/9kb.c04.myftpupload.com\/wp-content\/uploads\/2018\/07\/cropped-Para-portal-4-1.png\" class=\"wp-image-1521 style-487-image style-local-1776-c17-image lazyload\" alt=\"\" data-srcset=\"https:\/\/www.aerobots.gt\/wp-content\/uploads\/2018\/07\/cropped-Para-portal-4-1.png 481w, https:\/\/www.aerobots.gt\/wp-content\/uploads\/2018\/07\/cropped-Para-portal-4-1-300x300.png 300w, https:\/\/www.aerobots.gt\/wp-content\/uploads\/2018\/07\/cropped-Para-portal-4-1-150x150.png 150w\" data-sizes=\"(max-width: 481px) 100vw, 481px\" src=\"data:image\/svg+xml;base64,PHN2ZyB3aWR0aD0iMSIgaGVpZ2h0PSIxIiB4bWxucz0iaHR0cDovL3d3dy53My5vcmcvMjAwMC9zdmciPjwvc3ZnPg==\" style=\"--smush-placeholder-width: 481px; --smush-placeholder-aspect-ratio: 481\/481;\" \/>\n                      <div class=\"h-image__frame h-hide-lg h-hide-md h-hide-sm style-487-frameImage style-local-1776-c17-frameImage\"><\/div>\n                    <\/div>\n                  <\/div>\n                <\/div>\n                <div data-colibri-id=\"1776-c18\" class=\"h-x-container style-488 style-local-1776-c18 position-relative h-element\">\n                  <!---->\n                  <div class=\"h-x-container-inner style-dynamic-1776-c18-group style-488-spacing style-local-1776-c18-spacing\"><span class=\"h-button__outer style-489-outer style-local-1776-c19-outer d-inline-flex h-element\"><a h-use-smooth-scroll=\"true\" href=\"\/en\/recoleccion-y-analisis-de-datos\/\"  data-colibri-id=\"1776-c19\" class=\"d-flex w-100 align-items-center h-button justify-content-lg-center justify-content-md-center justify-content-center style-489 style-local-1776-c19 position-relative\"><!----><!----> <span>Data collection and analytics<\/span><\/a>\n                    <\/span>\n                  <\/div>\n                <\/div>\n              <\/div>\n            <\/div>\n          <\/div>\n          <div class=\"h-column h-column-container d-flex h-col-lg-4 h-col-md-6 h-col-12 style-486-outer style-local-1776-c20-outer\">\n            <div data-colibri-id=\"1776-c20\" class=\"d-flex h-flex-basis h-column__inner h-px-lg-0 h-px-md-0 h-px-0 v-inner-lg-0 v-inner-md-0 v-inner-0 style-486 style-local-1776-c20 position-relative\">\n              <!---->\n              <!---->\n              <div class=\"w-100 h-y-container h-column__content h-column__v-align flex-basis-100 align-self-lg-start align-self-md-start align-self-start\">\n                <!---->\n                <div data-colibri-id=\"1776-c21\" class=\"d-block style-487 style-local-1776-c21 position-relative h-element\">\n                  <!---->\n                  <div class=\"h-image__frame-container-outer\">\n                    <div class=\"h-image__frame-container\">\n                      <!---->\n                      <!---->\n                      <img decoding=\"async\" width=\"960\" height=\"960\" data-src=\"https:\/\/www.aerobots.gt\/wp-content\/uploads\/2022\/10\/cropped-cropped-WhatsApp-Image-2022-10-07-at-11.22.56.jpeg\" class=\"wp-image-3482 style-487-image style-local-1776-c21-image lazyload\" alt=\"\" data-srcset=\"https:\/\/www.aerobots.gt\/wp-content\/uploads\/2022\/10\/cropped-cropped-WhatsApp-Image-2022-10-07-at-11.22.56.jpeg 960w, https:\/\/www.aerobots.gt\/wp-content\/uploads\/2022\/10\/cropped-cropped-WhatsApp-Image-2022-10-07-at-11.22.56-300x300.jpeg 300w, https:\/\/www.aerobots.gt\/wp-content\/uploads\/2022\/10\/cropped-cropped-WhatsApp-Image-2022-10-07-at-11.22.56-150x150.jpeg 150w, https:\/\/www.aerobots.gt\/wp-content\/uploads\/2022\/10\/cropped-cropped-WhatsApp-Image-2022-10-07-at-11.22.56-768x768.jpeg 768w, https:\/\/www.aerobots.gt\/wp-content\/uploads\/2022\/10\/cropped-cropped-WhatsApp-Image-2022-10-07-at-11.22.56-12x12.jpeg 12w\" data-sizes=\"(max-width: 960px) 100vw, 960px\" src=\"data:image\/svg+xml;base64,PHN2ZyB3aWR0aD0iMSIgaGVpZ2h0PSIxIiB4bWxucz0iaHR0cDovL3d3dy53My5vcmcvMjAwMC9zdmciPjwvc3ZnPg==\" style=\"--smush-placeholder-width: 960px; --smush-placeholder-aspect-ratio: 960\/960;\" \/>\n                      <div class=\"h-image__frame h-hide-lg h-hide-md h-hide-sm style-487-frameImage style-local-1776-c21-frameImage\"><\/div>\n                    <\/div>\n                  <\/div>\n                <\/div>\n                <div data-colibri-id=\"1776-c22\" class=\"h-x-container style-1031 style-local-1776-c22 position-relative h-element\">\n                  <!---->\n                  <div class=\"h-x-container-inner style-dynamic-1776-c22-group style-1031-spacing style-local-1776-c22-spacing\"><span class=\"h-button__outer style-489-outer style-local-1776-c23-outer d-inline-flex h-element\"><a h-use-smooth-scroll=\"true\" href=\"https:\/\/www.aerobots.gt\/en\/home\/soluciones\/show-de-luces\/\"  data-colibri-id=\"1776-c23\" class=\"d-flex w-100 align-items-center h-button justify-content-lg-center justify-content-md-center justify-content-center style-489 style-local-1776-c23 position-relative\"><!----><!----> <span>Show de luces<\/span><\/a>\n                    <\/span>\n                  <\/div>\n                <\/div>\n              <\/div>\n            <\/div>\n          <\/div>\n        <\/div>\n      <\/div>\n    <\/div>\n  <\/div>\n<\/div>","protected":false},"excerpt":{"rendered":"<p>Desarrollamos e integramos tecnolog\u00eda en las siguientes l\u00edneas de soluciones. Un valor muy importante en lo que hacemos es que contamos con control de completo de la soluci\u00f3n, ya que desarrollamos la mayor\u00eda de nuestra tecnolog\u00eda teniendo control sobre ella.&nbsp;&nbsp; Automatizaci\u00f3n de sistemas de riego Detecci\u00f3n temprana de fuegos Aplicaciones a\u00e9reas con drones Recolecci\u00f3n y [&hellip;]<\/p>\n","protected":false},"author":1,"featured_media":0,"parent":1955,"menu_order":0,"comment_status":"closed","ping_status":"closed","template":"page-templates\/full-width-page.php","meta":{"footnotes":""},"class_list":["post-1776","page","type-page","status-publish","hentry"],"_links":{"self":[{"href":"https:\/\/www.aerobots.gt\/en\/wp-json\/wp\/v2\/pages\/1776","targetHints":{"allow":["GET"]}}],"collection":[{"href":"https:\/\/www.aerobots.gt\/en\/wp-json\/wp\/v2\/pages"}],"about":[{"href":"https:\/\/www.aerobots.gt\/en\/wp-json\/wp\/v2\/types\/page"}],"author":[{"embeddable":true,"href":"https:\/\/www.aerobots.gt\/en\/wp-json\/wp\/v2\/users\/1"}],"replies":[{"embeddable":true,"href":"https:\/\/www.aerobots.gt\/en\/wp-json\/wp\/v2\/comments?post=1776"}],"version-history":[{"count":14,"href":"https:\/\/www.aerobots.gt\/en\/wp-json\/wp\/v2\/pages\/1776\/revisions"}],"predecessor-version":[{"id":3513,"href":"https:\/\/www.aerobots.gt\/en\/wp-json\/wp\/v2\/pages\/1776\/revisions\/3513"}],"up":[{"embeddable":true,"href":"https:\/\/www.aerobots.gt\/en\/wp-json\/wp\/v2\/pages\/1955"}],"wp:attachment":[{"href":"https:\/\/www.aerobots.gt\/en\/wp-json\/wp\/v2\/media?parent=1776"}],"curies":[{"name":"wp","href":"https:\/\/api.w.org\/{rel}","templated":true}]}}