{"id":1602,"date":"2020-06-03T14:53:46","date_gmt":"2020-06-03T20:53:46","guid":{"rendered":"https:\/\/www.aerobots.gt\/?page_id=1602"},"modified":"2022-10-11T16:09:58","modified_gmt":"2022-10-11T22:09:58","slug":"automatizacion-de-irrigacion","status":"publish","type":"page","link":"https:\/\/www.aerobots.gt\/en\/home\/soluciones\/automatizacion-de-irrigacion\/","title":{"rendered":"Irrigation systems automation"},"content":{"rendered":"<div data-colibri-id=\"1602-c1\" class=\"style-790 style-local-1602-c1 position-relative\">\n  <!---->\n  <div data-colibri-component=\"section\" data-colibri-id=\"1602-c2\" id=\"features\" class=\"h-section h-section-global-spacing d-flex align-items-lg-center align-items-md-center align-items-center style-796 style-local-1602-c2 position-relative\">\n    <!---->\n    <!---->\n    <div class=\"h-section-grid-container h-section-boxed-container\">\n      <!---->\n      <div data-colibri-id=\"1602-c3\" class=\"h-row-container gutters-row-lg-2 gutters-row-md-2 gutters-row-0 gutters-row-v-lg-2 gutters-row-v-md-2 gutters-row-v-2 style-797 style-local-1602-c3 position-relative\">\n        <!---->\n        <div class=\"h-row justify-content-lg-center justify-content-md-center justify-content-center align-items-lg-stretch align-items-md-stretch align-items-stretch gutters-col-lg-2 gutters-col-md-2 gutters-col-0 gutters-col-v-lg-2 gutters-col-v-md-2 gutters-col-v-2\">\n          <!---->\n          <div class=\"h-column h-column-container d-flex h-col-lg-4 h-col-md-4 h-col-12 style-798-outer style-local-1602-c4-outer\">\n            <div data-colibri-id=\"1602-c4\" class=\"d-flex h-flex-basis h-column__inner h-ui-empty-state-container h-px-lg-0 h-px-md-0 h-px-0 v-inner-lg-0 v-inner-md-0 v-inner-0 style-798 style-local-1602-c4 position-relative\">\n              <!---->\n              <!---->\n              <div class=\"w-100 h-y-container h-column__content h-column__v-align flex-basis-100\">\n                <!---->\n              <\/div>\n            <\/div>\n          <\/div>\n          <div class=\"h-column h-column-container d-flex h-col-lg-4 h-col-md-4 h-col-12 style-799-outer style-local-1602-c5-outer\">\n            <div data-colibri-id=\"1602-c5\" class=\"d-flex h-flex-basis h-column__inner h-px-lg-2 h-px-md-0 h-px-2 v-inner-lg-2 v-inner-md-0 v-inner-2 style-799 style-local-1602-c5 position-relative\">\n              <!---->\n              <!---->\n              <div class=\"w-100 h-y-container h-column__content h-column__v-align flex-basis-100 align-self-lg-center align-self-md-center align-self-center\">\n                <!---->\n                <div data-colibri-id=\"1602-c6\" class=\"h-global-transition-all h-heading style-800 style-local-1602-c6 position-relative h-element\">\n                  <!---->\n                  <div class=\"h-heading__outer style-800 style-local-1602-c6\">\n                    <!---->\n                    <!---->\n                    <h3 class=\"\">Automatizaci\u00f3n y conectividad<\/h3>\n                  <\/div>\n                <\/div>\n                <div data-colibri-id=\"1602-c7\" class=\"h-text h-text-component style-801 style-local-1602-c7 position-relative h-element\">\n                  <!---->\n                  <!---->\n                  <div class=\"\">\n                    <p>El IPC-200 optimiza la operaci\u00f3n de bombas de combusti\u00f3n interna para riego. El equipo toma control del acelerador para mantener una presi\u00f3n constante de salida hacia los aspersores y se ajusta autom\u00e1ticamente. Durante la operaci\u00f3n\n                      el IPC-200 puede detectar fugas y problemas en el sistema. Adicionalmente cuenta con conectividad LoRa hacia los centros de control.&nbsp;<\/p>\n                  <\/div>\n                <\/div>\n              <\/div>\n            <\/div>\n          <\/div>\n          <div class=\"h-column h-column-container d-flex h-col-lg-4 h-col-md-4 h-col-12 style-802-outer style-local-1602-c8-outer\">\n            <div data-colibri-id=\"1602-c8\" class=\"d-flex h-flex-basis h-column__inner h-ui-empty-state-container h-px-lg-0 h-px-md-0 h-px-0 v-inner-lg-0 v-inner-md-0 v-inner-0 style-802 style-local-1602-c8 position-relative\">\n              <!---->\n              <!---->\n              <div class=\"w-100 h-y-container h-column__content h-column__v-align flex-basis-100\">\n                <!---->\n              <\/div>\n            <\/div>\n          <\/div>\n          <div class=\"h-column h-column-container d-flex h-col-lg-4 h-col-md-4 h-col-12 style-803-outer style-local-1602-c9-outer\">\n            <div data-colibri-id=\"1602-c9\" class=\"d-flex h-flex-basis h-column__inner h-ui-empty-state-container h-px-lg-0 h-px-md-0 h-px-0 v-inner-lg-0 v-inner-md-0 v-inner-0 style-803 style-local-1602-c9 position-relative\">\n              <!---->\n              <!---->\n              <div class=\"w-100 h-y-container h-column__content h-column__v-align flex-basis-100\">\n                <!---->\n              <\/div>\n            <\/div>\n          <\/div>\n          <div class=\"h-column h-column-container d-flex h-col-lg-4 h-col-md-4 h-col-12 style-804-outer style-local-1602-c10-outer\">\n            <div data-colibri-id=\"1602-c10\" class=\"d-flex h-flex-basis h-column__inner h-ui-empty-state-container h-px-lg-0 h-px-md-0 h-px-0 v-inner-lg-0 v-inner-md-0 v-inner-0 style-804 style-local-1602-c10 position-relative\">\n              <!---->\n              <!---->\n              <div class=\"w-100 h-y-container h-column__content h-column__v-align flex-basis-100\">\n                <!---->\n              <\/div>\n            <\/div>\n          <\/div>\n          <div class=\"h-column h-column-container d-flex h-col-lg-4 h-col-md-4 h-col-12 style-805-outer style-local-1602-c11-outer\">\n            <div data-colibri-id=\"1602-c11\" class=\"d-flex h-flex-basis h-column__inner h-ui-empty-state-container h-px-lg-0 h-px-md-0 h-px-0 v-inner-lg-0 v-inner-md-0 v-inner-0 style-805 style-local-1602-c11 position-relative\">\n              <!---->\n              <!---->\n              <div class=\"w-100 h-y-container h-column__content h-column__v-align flex-basis-100\">\n                <!---->\n              <\/div>\n            <\/div>\n          <\/div>\n          <div class=\"h-column h-column-container d-flex h-col-lg-4 h-col-md-4 h-col-12 style-1003-outer style-local-1602-c12-outer\">\n            <div data-colibri-id=\"1602-c12\" class=\"d-flex h-flex-basis h-column__inner h-px-lg-0 h-px-md-0 h-px-0 v-inner-lg-0 v-inner-md-0 v-inner-0 style-1003 style-local-1602-c12 position-relative\">\n              <!---->\n              <!---->\n              <div class=\"w-100 h-y-container h-column__content h-column__v-align flex-basis-100 align-self-lg-start align-self-md-start align-self-start\">\n                <!---->\n                <div data-colibri-id=\"1602-c20\" class=\"d-block style-1027 style-local-1602-c20 position-relative h-element\">\n                  <!---->\n                  <div class=\"h-image__frame-container-outer\">\n                    <div class=\"h-image__frame-container\">\n                      <!---->\n                      <!---->\n                      <img decoding=\"async\" width=\"1019\" height=\"1280\" data-src=\"https:\/\/www.aerobots.gt\/wp-content\/uploads\/2022\/10\/WhatsApp-Image-2022-10-11-at-15.35.41.jpeg\" class=\"wp-image-3392 style-1027-image style-local-1602-c20-image lazyload\" alt=\"\" data-srcset=\"https:\/\/www.aerobots.gt\/wp-content\/uploads\/2022\/10\/WhatsApp-Image-2022-10-11-at-15.35.41.jpeg 1019w, https:\/\/www.aerobots.gt\/wp-content\/uploads\/2022\/10\/WhatsApp-Image-2022-10-11-at-15.35.41-239x300.jpeg 239w, https:\/\/www.aerobots.gt\/wp-content\/uploads\/2022\/10\/WhatsApp-Image-2022-10-11-at-15.35.41-815x1024.jpeg 815w, https:\/\/www.aerobots.gt\/wp-content\/uploads\/2022\/10\/WhatsApp-Image-2022-10-11-at-15.35.41-768x965.jpeg 768w, https:\/\/www.aerobots.gt\/wp-content\/uploads\/2022\/10\/WhatsApp-Image-2022-10-11-at-15.35.41-10x12.jpeg 10w\" data-sizes=\"(max-width: 1019px) 100vw, 1019px\" src=\"data:image\/svg+xml;base64,PHN2ZyB3aWR0aD0iMSIgaGVpZ2h0PSIxIiB4bWxucz0iaHR0cDovL3d3dy53My5vcmcvMjAwMC9zdmciPjwvc3ZnPg==\" style=\"--smush-placeholder-width: 1019px; --smush-placeholder-aspect-ratio: 1019\/1280;\" \/>\n                      <div class=\"h-image__frame h-hide-lg h-hide-md h-hide-sm style-1027-frameImage style-local-1602-c20-frameImage\"><\/div>\n                    <\/div>\n                  <\/div>\n                <\/div>\n              <\/div>\n            <\/div>\n          <\/div>\n          <div class=\"h-column h-column-container d-flex h-col-lg-4 h-col-md-4 h-col-12 style-1002-outer style-local-1602-c13-outer\">\n            <div data-colibri-id=\"1602-c13\" class=\"d-flex h-flex-basis h-column__inner h-px-lg-2 h-px-md-2 h-px-2 v-inner-lg-2 v-inner-md-2 v-inner-2 style-1002 style-local-1602-c13 position-relative\">\n              <!---->\n              <!---->\n              <div class=\"w-100 h-y-container h-column__content h-column__v-align flex-basis-100 align-self-lg-start align-self-md-start align-self-start\">\n                <!---->\n                <div data-colibri-id=\"1602-c22\" class=\"h-global-transition-all h-heading style-800 style-local-1602-c22 position-relative h-element\">\n                  <!---->\n                  <div class=\"h-heading__outer style-800 style-local-1602-c22\">\n                    <!---->\n                    <!---->\n                    <h3 class=\"\">Sensor de aspersores<\/h3>\n                  <\/div>\n                <\/div>\n                <div data-colibri-id=\"1602-c14\" class=\"h-text h-text-component style-801 style-local-1602-c14 position-relative h-element\">\n                  <!---->\n                  <!---->\n                  <div class=\"\">\n                    <p>Por otro lado, el ISD-100 est\u00e1 dise\u00f1ado para el monitoreo de la presi\u00f3n y posici\u00f3n de los aspersores dentro del sistema de riego. La conectividad LoRa permite informaci\u00f3n en tiempo real para ajustes en el sistema.\n                      <br>Cuando el ISD trabaja de la mano con el IPC, el sistema se autorregula, ajustando las presiones de salida de la bomba a partir de los requerimientos de presi\u00f3n en los aspersores.<\/p>\n                    <p>Con esta tecnolog\u00eda aumentan las eficiencias en el riego, al mismo tiempo que se reducen tiempos muertos o riegos por debajo de las l\u00e1minas requeridas.<\/p>\n                  <\/div>\n                <\/div>\n              <\/div>\n            <\/div>\n          <\/div>\n          <div class=\"h-column h-column-container d-flex h-col-lg-4 h-col-md-4 h-col-12 style-1001-outer style-local-1602-c15-outer\">\n            <div data-colibri-id=\"1602-c15\" class=\"d-flex h-flex-basis h-column__inner h-px-lg-0 h-px-md-0 h-px-0 v-inner-lg-0 v-inner-md-0 v-inner-0 style-1001 style-local-1602-c15 position-relative\">\n              <!---->\n              <!---->\n              <div class=\"w-100 h-y-container h-column__content h-column__v-align flex-basis-100 align-self-lg-start align-self-md-start align-self-start\">\n                <!---->\n                <div data-colibri-id=\"1602-c21\" class=\"d-block style-1028 style-local-1602-c21 position-relative h-element\">\n                  <!---->\n                  <div class=\"h-image__frame-container-outer\">\n                    <div class=\"h-image__frame-container\">\n                      <!---->\n                      <!---->\n                      <img decoding=\"async\" width=\"768\" height=\"1024\" data-src=\"https:\/\/www.aerobots.gt\/wp-content\/uploads\/2022\/10\/WhatsApp-Image-2022-10-11-at-15.35.25.jpeg\" class=\"wp-image-3390 style-1028-image style-local-1602-c21-image lazyload\" alt=\"\" data-srcset=\"https:\/\/www.aerobots.gt\/wp-content\/uploads\/2022\/10\/WhatsApp-Image-2022-10-11-at-15.35.25.jpeg 768w, https:\/\/www.aerobots.gt\/wp-content\/uploads\/2022\/10\/WhatsApp-Image-2022-10-11-at-15.35.25-225x300.jpeg 225w, https:\/\/www.aerobots.gt\/wp-content\/uploads\/2022\/10\/WhatsApp-Image-2022-10-11-at-15.35.25-9x12.jpeg 9w\" data-sizes=\"(max-width: 768px) 100vw, 768px\" src=\"data:image\/svg+xml;base64,PHN2ZyB3aWR0aD0iMSIgaGVpZ2h0PSIxIiB4bWxucz0iaHR0cDovL3d3dy53My5vcmcvMjAwMC9zdmciPjwvc3ZnPg==\" style=\"--smush-placeholder-width: 768px; --smush-placeholder-aspect-ratio: 768\/1024;\" \/>\n                      <div class=\"h-image__frame h-hide-lg h-hide-md h-hide-sm style-1028-frameImage style-local-1602-c21-frameImage\"><\/div>\n                    <\/div>\n                  <\/div>\n                <\/div>\n              <\/div>\n            <\/div>\n          <\/div>\n        <\/div>\n      <\/div>\n    <\/div>\n  <\/div>\n  <div data-colibri-component=\"section\" data-colibri-id=\"1602-c16\" id=\"custom-2\" class=\"h-section h-section-global-spacing d-flex align-items-lg-center align-items-md-center align-items-center style-806 style-local-1602-c16 position-relative\">\n    <!---->\n    <!---->\n    <div class=\"h-section-grid-container h-section-boxed-container\">\n      <!---->\n      <div data-colibri-id=\"1602-c17\" class=\"h-row-container gutters-row-lg-2 gutters-row-md-2 gutters-row-0 gutters-row-v-lg-2 gutters-row-v-md-2 gutters-row-v-2 style-807 style-local-1602-c17 position-relative\">\n        <!---->\n        <div class=\"h-row justify-content-lg-center justify-content-md-center justify-content-center align-items-lg-stretch align-items-md-stretch align-items-stretch gutters-col-lg-2 gutters-col-md-2 gutters-col-0 gutters-col-v-lg-2 gutters-col-v-md-2 gutters-col-v-2\">\n          <!---->\n          <div class=\"h-column h-column-container d-flex h-col-lg-auto h-col-md-auto h-col-auto style-808-outer style-local-1602-c18-outer\">\n            <div data-colibri-id=\"1602-c18\" class=\"d-flex h-flex-basis h-column__inner h-px-lg-2 h-px-md-2 h-px-2 v-inner-lg-2 v-inner-md-2 v-inner-2 style-808 style-local-1602-c18 position-relative\">\n              <!---->\n              <!---->\n              <div class=\"w-100 h-y-container h-column__content h-column__v-align flex-basis-100 align-self-lg-start align-self-md-start align-self-start\">\n                <!---->\n                <div data-colibri-id=\"1602-c19\" class=\"h-text h-text-component style-809 style-local-1602-c19 position-relative h-element\">\n                  <!---->\n                  <!---->\n                  <div class=\"\">\n                    <p><span style=\"color: rgb(153, 153, 153); font-family: &quot;Open Sans&quot;; font-size: 16px; font-weight: 400;\">Nuestros desarrollos tecnol\u00f3gicos (l\u00ednea IPC e ISD) han permitido generar soluciones m\u00e1s amplias en el campo agr\u00edcola, debido a nuestra capacidad de interactuar d\u00eda a d\u00eda con nuestros clientes y detectar sus necesidades. De esa cuenta, hemos automatizado sistemas de riego, reduciendo los costos de operaci\u00f3n y elevando las eficiencias y tiempos de riego en campo. Nuestros equipos permiten un mejor control sobre la calidad del riego, adem\u00e1s de que han ayudado a mejorar la gesti\u00f3n del recurso humano en el campo. Todo esto dentro de un marco de gesti\u00f3n integral y conectividad que permite tener informaci\u00f3n en tiempo real para el ajuste inmediato de las condiciones del riego. As\u00ed mismo, todos los aspectos de la operaci\u00f3n de la maquinaria quedan registrados en nuestros servidores para un an\u00e1lisis posterior de la operaci\u00f3n y detecci\u00f3n de oportunidades de mejora.<\/span><\/p>\n                  <\/div>\n                <\/div>\n              <\/div>\n            <\/div>\n          <\/div>\n        <\/div>\n      <\/div>\n    <\/div>\n  <\/div>\n<\/div>","protected":false},"excerpt":{"rendered":"<p>Automatizaci\u00f3n y conectividad El IPC-200 optimiza la operaci\u00f3n de bombas de combusti\u00f3n interna para riego. El equipo toma control del acelerador para mantener una presi\u00f3n constante de salida hacia los aspersores y se ajusta autom\u00e1ticamente. Durante la operaci\u00f3n el IPC-200 puede detectar fugas y problemas en el sistema. Adicionalmente cuenta con conectividad LoRa hacia los [&hellip;]<\/p>\n","protected":false},"author":1,"featured_media":0,"parent":1776,"menu_order":0,"comment_status":"closed","ping_status":"closed","template":"page-templates\/full-width-page.php","meta":{"footnotes":""},"class_list":["post-1602","page","type-page","status-publish","hentry"],"_links":{"self":[{"href":"https:\/\/www.aerobots.gt\/en\/wp-json\/wp\/v2\/pages\/1602","targetHints":{"allow":["GET"]}}],"collection":[{"href":"https:\/\/www.aerobots.gt\/en\/wp-json\/wp\/v2\/pages"}],"about":[{"href":"https:\/\/www.aerobots.gt\/en\/wp-json\/wp\/v2\/types\/page"}],"author":[{"embeddable":true,"href":"https:\/\/www.aerobots.gt\/en\/wp-json\/wp\/v2\/users\/1"}],"replies":[{"embeddable":true,"href":"https:\/\/www.aerobots.gt\/en\/wp-json\/wp\/v2\/comments?post=1602"}],"version-history":[{"count":20,"href":"https:\/\/www.aerobots.gt\/en\/wp-json\/wp\/v2\/pages\/1602\/revisions"}],"predecessor-version":[{"id":3423,"href":"https:\/\/www.aerobots.gt\/en\/wp-json\/wp\/v2\/pages\/1602\/revisions\/3423"}],"up":[{"embeddable":true,"href":"https:\/\/www.aerobots.gt\/en\/wp-json\/wp\/v2\/pages\/1776"}],"wp:attachment":[{"href":"https:\/\/www.aerobots.gt\/en\/wp-json\/wp\/v2\/media?parent=1602"}],"curies":[{"name":"wp","href":"https:\/\/api.w.org\/{rel}","templated":true}]}}