{"id":1598,"date":"2020-06-03T14:52:54","date_gmt":"2020-06-03T20:52:54","guid":{"rendered":"https:\/\/www.aerobots.gt\/?page_id=1598"},"modified":"2022-10-11T18:02:15","modified_gmt":"2022-10-12T00:02:15","slug":"fumigacion-con-drones","status":"publish","type":"page","link":"https:\/\/www.aerobots.gt\/en\/home\/soluciones\/fumigacion-con-drones\/","title":{"rendered":"Aplicaciones a\u00e9reas con drones"},"content":{"rendered":"<div data-colibri-id=\"1598-c1\" class=\"style-522 style-local-1598-c1 position-relative\">\r\n  <!---->\r\n  <div data-colibri-component=\"section\" data-colibri-id=\"1598-c2\" id=\"custom\" class=\"h-section h-section-global-spacing d-flex align-items-lg-center align-items-md-center align-items-center style-523 style-local-1598-c2 position-relative\">\r\n    <!---->\r\n    <!---->\r\n    <div class=\"h-section-grid-container h-section-boxed-container\">\r\n      <!---->\r\n      <div data-colibri-id=\"1598-c3\" class=\"h-row-container gutters-row-lg-2 gutters-row-md-2 gutters-row-0 gutters-row-v-lg-2 gutters-row-v-md-2 gutters-row-v-2 style-524 style-local-1598-c3 position-relative\">\r\n        <!---->\r\n        <div class=\"h-row justify-content-lg-center justify-content-md-center justify-content-center align-items-lg-stretch align-items-md-stretch align-items-stretch gutters-col-lg-2 gutters-col-md-2 gutters-col-0 gutters-col-v-lg-2 gutters-col-v-md-2 gutters-col-v-2\">\r\n          <!---->\r\n          <div class=\"h-column h-column-container d-flex h-col-lg-auto h-col-md-auto h-col-auto style-525-outer style-local-1598-c4-outer\">\r\n            <div data-colibri-id=\"1598-c4\" class=\"d-flex h-flex-basis h-column__inner h-px-lg-2 h-px-md-2 h-px-2 v-inner-lg-2 v-inner-md-2 v-inner-2 style-525 style-local-1598-c4 position-relative\">\r\n              <!---->\r\n              <!---->\r\n              <div class=\"w-100 h-y-container h-column__content h-column__v-align flex-basis-100 align-self-lg-start align-self-md-start align-self-start\">\r\n                <!---->\r\n                <div data-colibri-id=\"1598-c5\" class=\"h-text h-text-component style-529 style-local-1598-c5 position-relative h-element\">\r\n                  <!---->\r\n                  <!---->\r\n                  <div class=\"\">\r\n                    <p>Con nuestra flota de drones XAG de \u00faltima generaci\u00f3n, Aerobots -como siempre- se sit\u00faa a la vanguardia en las operaciones de aplicaciones a\u00e9reas por medio de drones.<\/p>\r\n                    <p><span style=\"font-weight: 300; font-size: 20px; font-family: &quot;Open Sans&quot;; color: rgb(57, 97, 162);\">Si buscas reducir los costos en aplicaciones de fertilizantes, controles qu\u00edmicos y biol\u00f3gicos en tus cultivos, al mismo tiempo que reduces los impactos en el ambiente por medio de una labor de alta eficiencia, somos tu soluci\u00f3n.<\/span><\/p>\r\n                    <p>Contamos con personal altamente calificado con experiencia en aplicaciones a\u00e9reas, tanto a nivel comercial como experimental en cultivos extensivos y hortalizas.<\/p>\r\n                  <\/div>\r\n                <\/div>\r\n              <\/div>\r\n            <\/div>\r\n          <\/div>\r\n          <div class=\"h-column h-column-container d-flex h-col-lg-auto h-col-md-auto h-col-auto style-526-outer style-local-1598-c6-outer\">\r\n            <div data-colibri-id=\"1598-c6\" class=\"d-flex h-flex-basis h-column__inner h-px-lg-2 h-px-md-2 h-px-2 v-inner-lg-2 v-inner-md-2 v-inner-2 style-526 style-local-1598-c6 position-relative\">\r\n              <!---->\r\n              <!---->\r\n              <div class=\"w-100 h-y-container h-column__content h-column__v-align flex-basis-100 align-self-lg-start align-self-md-start align-self-start\">\r\n                <!---->\r\n                <div data-colibri-id=\"1598-c18\" class=\"d-block style-1010 style-local-1598-c18 position-relative h-element\">\r\n                  <!---->\r\n                  <div class=\"h-image__frame-container-outer\">\r\n                    <div class=\"h-image__frame-container\">\r\n                      <!---->\r\n                      <!---->\r\n                      <img decoding=\"async\" width=\"1023\" height=\"504\" data-src=\"https:\/\/www.aerobots.gt\/wp-content\/uploads\/2022\/10\/cropped-WhatsApp-Image-2022-10-11-at-13.27.18.jpeg\" class=\"wp-image-3382 style-1010-image style-local-1598-c18-image lazyload\" alt=\"\" data-srcset=\"https:\/\/www.aerobots.gt\/wp-content\/uploads\/2022\/10\/cropped-WhatsApp-Image-2022-10-11-at-13.27.18.jpeg 1023w, https:\/\/www.aerobots.gt\/wp-content\/uploads\/2022\/10\/cropped-WhatsApp-Image-2022-10-11-at-13.27.18-300x148.jpeg 300w, https:\/\/www.aerobots.gt\/wp-content\/uploads\/2022\/10\/cropped-WhatsApp-Image-2022-10-11-at-13.27.18-768x378.jpeg 768w, https:\/\/www.aerobots.gt\/wp-content\/uploads\/2022\/10\/cropped-WhatsApp-Image-2022-10-11-at-13.27.18-18x9.jpeg 18w\" data-sizes=\"(max-width: 1023px) 100vw, 1023px\" src=\"data:image\/svg+xml;base64,PHN2ZyB3aWR0aD0iMSIgaGVpZ2h0PSIxIiB4bWxucz0iaHR0cDovL3d3dy53My5vcmcvMjAwMC9zdmciPjwvc3ZnPg==\" style=\"--smush-placeholder-width: 1023px; --smush-placeholder-aspect-ratio: 1023\/504;\" \/>\r\n                      <div class=\"h-image__frame h-hide-lg h-hide-md h-hide-sm style-1010-frameImage style-local-1598-c18-frameImage\"><\/div>\r\n                    <\/div>\r\n                  <\/div>\r\n                <\/div>\r\n              <\/div>\r\n            <\/div>\r\n          <\/div>\r\n        <\/div>\r\n      <\/div>\r\n    <\/div>\r\n  <\/div>\r\n  <div data-colibri-component=\"section\" data-colibri-id=\"1598-c9\" id=\"custom-2\" class=\"h-section h-section-global-spacing d-flex align-items-lg-center align-items-md-center align-items-center style-530 style-local-1598-c9 position-relative\">\r\n    <!---->\r\n    <!---->\r\n    <div class=\"h-section-grid-container h-section-boxed-container\">\r\n      <!---->\r\n      <div data-colibri-id=\"1598-c10\" class=\"h-row-container gutters-row-lg-2 gutters-row-md-2 gutters-row-0 gutters-row-v-lg-2 gutters-row-v-md-2 gutters-row-v-2 style-531 style-local-1598-c10 position-relative\">\r\n        <!---->\r\n        <div class=\"h-row justify-content-lg-center justify-content-md-center justify-content-center align-items-lg-stretch align-items-md-stretch align-items-stretch gutters-col-lg-2 gutters-col-md-2 gutters-col-0 gutters-col-v-lg-2 gutters-col-v-md-2 gutters-col-v-2\">\r\n          <!---->\r\n          <div class=\"h-column h-column-container d-flex h-col-lg-auto h-col-md-auto h-col-auto style-533-outer style-local-1598-c13-outer\">\r\n            <div data-colibri-id=\"1598-c13\" class=\"d-flex h-flex-basis h-column__inner h-px-lg-2 h-px-md-2 h-px-2 v-inner-lg-2 v-inner-md-2 v-inner-2 style-533 style-local-1598-c13 position-relative\">\r\n              <!---->\r\n              <!---->\r\n              <div class=\"w-100 h-y-container h-column__content h-column__v-align flex-basis-100 align-self-lg-start align-self-md-start align-self-start\">\r\n                <!---->\r\n                <div data-colibri-component=\"video\" data-colibri-id=\"1598-c16\" class=\"d-block h-video d-block h-video style-1008 style-local-1598-c16 position-relative h-element\">\r\n                  <!---->\r\n                  <!---->\r\n                  <div class=\"video-container position-relative\">\r\n                    <div class=\"h-global-transition-all ratio-inner\"><iframe data-src=\"https:\/\/www.youtube.com\/embed\/2krlz53_fVI?autoplay=0&#038;mute=0&#038;modestbranding=0&#038;rel=0&#038;enablejsapi=1&#038;\" class='h-video-main lazyload'  allowfullscreen src=\"data:image\/svg+xml;base64,PHN2ZyB3aWR0aD0iMSIgaGVpZ2h0PSIxIiB4bWxucz0iaHR0cDovL3d3dy53My5vcmcvMjAwMC9zdmciPjwvc3ZnPg==\" data-load-mode=\"1\"><\/iframe><\/div>\r\n                  <\/div>\r\n                <\/div>\r\n              <\/div>\r\n            <\/div>\r\n          <\/div>\r\n        <\/div>\r\n      <\/div>\r\n    <\/div>\r\n  <\/div>\r\n<\/div>","protected":false},"excerpt":{"rendered":"<p>Con nuestra flota de drones XAG de \u00faltima generaci\u00f3n, Aerobots -como siempre- se sit\u00faa a la vanguardia en las operaciones de aplicaciones a\u00e9reas por medio de drones. Si buscas reducir los costos en aplicaciones de fertilizantes, controles qu\u00edmicos y biol\u00f3gicos en tus cultivos, al mismo tiempo que reduces los impactos en el ambiente por medio [&hellip;]<\/p>\n","protected":false},"author":1,"featured_media":0,"parent":1776,"menu_order":0,"comment_status":"closed","ping_status":"closed","template":"page-templates\/full-width-page.php","meta":{"footnotes":""},"class_list":["post-1598","page","type-page","status-publish","hentry"],"_links":{"self":[{"href":"https:\/\/www.aerobots.gt\/en\/wp-json\/wp\/v2\/pages\/1598","targetHints":{"allow":["GET"]}}],"collection":[{"href":"https:\/\/www.aerobots.gt\/en\/wp-json\/wp\/v2\/pages"}],"about":[{"href":"https:\/\/www.aerobots.gt\/en\/wp-json\/wp\/v2\/types\/page"}],"author":[{"embeddable":true,"href":"https:\/\/www.aerobots.gt\/en\/wp-json\/wp\/v2\/users\/1"}],"replies":[{"embeddable":true,"href":"https:\/\/www.aerobots.gt\/en\/wp-json\/wp\/v2\/comments?post=1598"}],"version-history":[{"count":17,"href":"https:\/\/www.aerobots.gt\/en\/wp-json\/wp\/v2\/pages\/1598\/revisions"}],"predecessor-version":[{"id":3459,"href":"https:\/\/www.aerobots.gt\/en\/wp-json\/wp\/v2\/pages\/1598\/revisions\/3459"}],"up":[{"embeddable":true,"href":"https:\/\/www.aerobots.gt\/en\/wp-json\/wp\/v2\/pages\/1776"}],"wp:attachment":[{"href":"https:\/\/www.aerobots.gt\/en\/wp-json\/wp\/v2\/media?parent=1598"}],"curies":[{"name":"wp","href":"https:\/\/api.w.org\/{rel}","templated":true}]}}